{"id":2370,"date":"2025-02-25T09:58:03","date_gmt":"2025-02-25T08:58:03","guid":{"rendered":"https:\/\/cira.fr\/cira-un-jour-cira-toujours\/"},"modified":"2025-05-20T11:29:21","modified_gmt":"2025-05-20T09:29:21","slug":"once-cira-always-cira","status":"publish","type":"page","link":"https:\/\/cira.fr\/en\/once-cira-always-cira\/","title":{"rendered":"Once CIRA, always CIRA"},"content":{"rendered":"\n<header class=\"wp-block-cover\"><span aria-hidden=\"true\" class=\"wp-block-cover__background has-black-background-color has-background-dim-40 has-background-dim\"><\/span><img decoding=\"async\" width=\"600\" height=\"600\" class=\"wp-block-cover__image-background wp-image-632\" alt=\"\" src=\"https:\/\/cira.fr\/app\/uploads\/2025\/02\/BTS-CIRA-3-1.jpg\" style=\"object-position:40% 75%\" data-object-fit=\"cover\" data-object-position=\"40% 75%\" srcset=\"https:\/\/cira.fr\/app\/uploads\/2025\/02\/BTS-CIRA-3-1.jpg 600w, https:\/\/cira.fr\/app\/uploads\/2025\/02\/BTS-CIRA-3-1-300x300.jpg 300w, https:\/\/cira.fr\/app\/uploads\/2025\/02\/BTS-CIRA-3-1-150x150.jpg 150w\" sizes=\"(max-width: 600px) 100vw, 600px\" \/><div class=\"wp-block-cover__inner-container is-layout-constrained wp-block-cover-is-layout-constrained\">\n<h1 class=\"wp-block-heading has-text-align-center has-white-color has-text-color has-link-color has-large-font-size wp-elements-d0aec6794613d3ab02ade5c3cc440bc7\" id=\"h-once-cira-always-cira\">Once CIRA, always CIRA<\/h1>\n\n\n<div class=\"yoast-breadcrumbs\"><span><span><a href=\"https:\/\/cira.fr\/en\/\">Home<\/a><\/span> \u00bb <span class=\"breadcrumb_last\" aria-current=\"page\"><strong>Once CIRA, always CIRA<\/strong><\/span><\/span><\/div><\/div><\/header>\n\n\n\n<section class=\"wp-block-group clients is-layout-constrained wp-block-group-is-layout-constrained\">\n<div class=\"wp-block-group container is-layout-constrained wp-block-group-is-layout-constrained\">\n<div class=\"wp-block-columns is-layout-flex wp-container-core-columns-is-layout-1 wp-block-columns-is-layout-flex\">\n<div class=\"wp-block-column is-vertically-aligned-bottom is-layout-flow wp-block-column-is-layout-flow\">\n<p class=\"has-orange-color has-text-color has-link-color has-aldrich-font-family wp-elements-67ab80ed0e71603c4c916d20ab6ad21a\" style=\"text-transform:uppercase\">CIRA: one training course, one career<\/p>\n\n\n\n<h2 class=\"wp-block-heading has-text-align-left\" id=\"h-sharing-passing-on-supporting-progressing\">Sharing, Passing on, Supporting, Progressing<\/h2>\n<\/div>\n\n\n\n<div class=\"wp-block-column is-vertically-aligned-bottom is-layout-flow wp-block-column-is-layout-flow\" style=\"padding-bottom:2rem\">\n<p style=\"font-style:normal;font-weight:700\">For us, community spirit is not a marketing concept. It&#8217;s a reality we share with our BTS students, and then with our employees. <\/p>\n\n\n\n<p>We support technicians throughout their careers, from initial training to professional development. In a spirit of sharing and transmission, we are committed to offering ongoing support, encouraging the development of skills and knowledge. <\/p>\n<\/div>\n<\/div>\n\n\n\n<div class=\"wp-block-columns are-vertically-aligned-bottom clients-list clients-list-row-1 is-layout-flex wp-container-core-columns-is-layout-2 wp-block-columns-is-layout-flex\"><!DOCTYPE html PUBLIC \"-\/\/W3C\/\/DTD HTML 4.0 Transitional\/\/EN\" \"http:\/\/www.w3.org\/TR\/REC-html40\/loose.dtd\">\n<html><body><div class=\"wp-block-column is-vertically-aligned-bottom is-layout-flow wp-block-column-is-layout-flow\" data-customlink=\"https:\/\/cira.fr\/en\/once-cira-always-cira\/\"><a href=\"https:\/\/cira.fr\/en\/once-cira-always-cira\/\">\n<div class=\"wp-block-cover has-custom-content-position is-position-bottom-center\"><span aria-hidden=\"true\" class=\"wp-block-cover__background has-black-background-color has-background-dim\"><\/span><img decoding=\"async\" width=\"640\" height=\"481\" class=\"wp-block-cover__image-background wp-image-975\" alt=\"\" src=\"https:\/\/cira.fr\/app\/uploads\/2025\/03\/GetAttachmentThumbnail.jpg\" data-object-fit=\"cover\" srcset=\"https:\/\/cira.fr\/app\/uploads\/2025\/03\/GetAttachmentThumbnail.jpg 640w, https:\/\/cira.fr\/app\/uploads\/2025\/03\/GetAttachmentThumbnail-300x225.jpg 300w\" sizes=\"(max-width: 640px) 100vw, 640px\" \/><div class=\"wp-block-cover__inner-container is-layout-constrained wp-block-cover-is-layout-constrained\">\n<div class=\"wp-block-group client-item-content is-layout-constrained wp-block-group-is-layout-constrained\">\n<h3 class=\"wp-block-heading has-text-align-left\" id=\"h-your-future-at-cira\" style=\"font-style:normal;font-weight:700\">Your future at CIRA<\/h3>\n\n\n\n<p>By joining us, you are choosing a career rich in opportunities and challenges. You&#8217;ll have the chance to work on major projects, travel, acquire new skills and progress within the company. <\/p>\n<\/div>\n<\/div><\/div>\n<\/a><\/div>\n<\/body><\/html>\n\n\n<!DOCTYPE html PUBLIC \"-\/\/W3C\/\/DTD HTML 4.0 Transitional\/\/EN\" \"http:\/\/www.w3.org\/TR\/REC-html40\/loose.dtd\">\n<html><body><div class=\"wp-block-column is-vertically-aligned-bottom is-layout-flow wp-block-column-is-layout-flow\" data-customlink=\"https:\/\/cira.fr\/en\/choose-cira\/testimonials\/\"><a href=\"https:\/\/cira.fr\/en\/choose-cira\/testimonials\/\">\n<div class=\"wp-block-cover has-custom-content-position is-position-bottom-center\"><span aria-hidden=\"true\" class=\"wp-block-cover__background has-black-background-color has-background-dim\"><\/span><img decoding=\"async\" width=\"500\" height=\"375\" class=\"wp-block-cover__image-background wp-image-2222\" alt=\"\" src=\"https:\/\/cira.fr\/app\/uploads\/2025\/02\/meignen.jpg\" data-object-fit=\"cover\" srcset=\"https:\/\/cira.fr\/app\/uploads\/2025\/02\/meignen.jpg 500w, https:\/\/cira.fr\/app\/uploads\/2025\/02\/meignen-300x225.jpg 300w\" sizes=\"(max-width: 500px) 100vw, 500px\" \/><div class=\"wp-block-cover__inner-container is-layout-constrained wp-block-cover-is-layout-constrained\">\n<div class=\"wp-block-group client-item-content is-layout-constrained wp-block-group-is-layout-constrained\">\n<h3 class=\"wp-block-heading has-text-align-left\" id=\"h-cira-a-great-place-to-work\" style=\"font-style:normal;font-weight:700\">CIRA, a great place to work!<\/h3>\n\n\n\n<p>Whether the focus is purely technical, travel-related, teamwork-oriented or complex situation-solving, CIRA employees will always have the opportunity to choose their assignments according to their main area of interest. <\/p>\n<\/div>\n<\/div><\/div>\n<\/a><\/div>\n<\/body><\/html>\n<\/div>\n<\/div>\n<\/section>\n\n\n\n<section class=\"wp-block-group container is-layout-constrained wp-block-group-is-layout-constrained\" style=\"padding-bottom:4rem\">\n<p class=\"has-text-align-left has-orange-color has-text-color has-link-color has-aldrich-font-family wp-elements-bbd6616c79e4ec6f8177bcc44220c1b9\" style=\"text-transform:uppercase\">our partners<\/p>\n\n\n\n<h2 class=\"wp-block-heading has-text-align-left\" id=\"h-integrators-and-engineering-companies-who-rely-on-our-expertise\">Integrators and engineering companies who rely on our expertise<\/h2>\n\n\n\n<figure class=\"wp-block-gallery has-nested-images columns-8 carousel-partners wp-block-gallery-1 is-layout-flex wp-block-gallery-is-layout-flex\">\n<figure class=\"wp-block-image size-full\"><a href=\"https:\/\/www.saipem.fr\/\" target=\"_blank\" rel=\" noreferrer noopener\"><img decoding=\"async\" width=\"300\" height=\"300\" src=\"https:\/\/cira.fr\/app\/uploads\/2025\/03\/saipem-est-partenaire-de-CIRA.jpg\" alt=\"saipem est une soci\u00e9t\u00e9 d'engineering partenaire de CIRA\" class=\"wp-image-1562\" srcset=\"https:\/\/cira.fr\/app\/uploads\/2025\/03\/saipem-est-partenaire-de-CIRA.jpg 300w, https:\/\/cira.fr\/app\/uploads\/2025\/03\/saipem-est-partenaire-de-CIRA-150x150.jpg 150w\" sizes=\"(max-width: 300px) 100vw, 300px\" \/><\/a><\/figure>\n\n\n\n<figure class=\"wp-block-image size-full\"><a href=\"https:\/\/totalenergies.com\/fr\/compagnie\/identite\/totalenergies-en-bref\" target=\"_blank\" rel=\" noreferrer noopener\"><img decoding=\"async\" width=\"300\" height=\"300\" src=\"https:\/\/cira.fr\/app\/uploads\/2025\/03\/total-energie-partenaire-CIRA.svg\" alt=\"Total Energies est partenaire de CIRA dans l'\u00e9nergie d\u00e9carbonn\u00e9e\" class=\"wp-image-1141\"\/><\/a><\/figure>\n\n\n\n<figure class=\"wp-block-image size-full\"><a href=\"https:\/\/www.ten.com\/fr\" target=\"_blank\" rel=\" noreferrer noopener\"><img decoding=\"async\" width=\"300\" height=\"300\" src=\"https:\/\/cira.fr\/app\/uploads\/2025\/03\/technip-est-partenaire-de-CIRA.jpg\" alt=\"Technip est une soci\u00e9t\u00e9 d'engineering partenaire de CIRA\" class=\"wp-image-1558\" srcset=\"https:\/\/cira.fr\/app\/uploads\/2025\/03\/technip-est-partenaire-de-CIRA.jpg 300w, https:\/\/cira.fr\/app\/uploads\/2025\/03\/technip-est-partenaire-de-CIRA-150x150.jpg 150w\" sizes=\"(max-width: 300px) 100vw, 300px\" \/><\/a><\/figure>\n\n\n\n<figure class=\"wp-block-image size-full\"><a href=\"https:\/\/www.eiffage.com\/\" target=\"_blank\" rel=\" noreferrer noopener\"><img decoding=\"async\" width=\"300\" height=\"300\" src=\"https:\/\/cira.fr\/app\/uploads\/2025\/03\/eiffage-partenaire-CIRA.svg\" alt=\"Eiffage est un int\u00e9grateur partenaire de CIRA\" class=\"wp-image-1132\"\/><\/a><\/figure>\n\n\n\n<figure class=\"wp-block-image size-full\"><a href=\"https:\/\/www.equans.fr\/\" target=\"_blank\" rel=\" noreferrer noopener\"><img decoding=\"async\" width=\"300\" height=\"300\" src=\"https:\/\/cira.fr\/app\/uploads\/2025\/03\/equans-partenaire-CIRA.svg\" alt=\"Equans est un int\u00e9grateur partenaire de CIRA\" class=\"wp-image-1135\"\/><\/a><\/figure>\n\n\n\n<figure class=\"wp-block-image size-full\"><a href=\"https:\/\/chantiers-atlantique.com\/\" target=\"_blank\" rel=\" noreferrer noopener\"><img decoding=\"async\" width=\"300\" height=\"300\" src=\"https:\/\/cira.fr\/app\/uploads\/2025\/03\/chantier-de-latlantique-partenaire-CIRA.svg\" alt=\"Chantiers de l'atlantique est partenaire de CIRA dans le secteur du transport, de la d\u00e9fense et de l'a\u00e9ronautique\" class=\"wp-image-1131\"\/><\/a><\/figure>\n\n\n\n<figure class=\"wp-block-image size-full\"><a href=\"https:\/\/www.snef.fr\/\" target=\"_blank\" rel=\" noreferrer noopener\"><img decoding=\"async\" width=\"300\" height=\"300\" src=\"https:\/\/cira.fr\/app\/uploads\/2025\/03\/snef-partenaire-CIRA.svg\" alt=\"Snef est un int\u00e9grateur partenaire de CIRA\" class=\"wp-image-1138\"\/><\/a><\/figure>\n\n\n\n<figure class=\"wp-block-image size-full\"><a href=\"https:\/\/www.arkema.com\/france\/fr\/\" target=\"_blank\" rel=\" noreferrer noopener\"><img decoding=\"async\" width=\"300\" height=\"300\" src=\"https:\/\/cira.fr\/app\/uploads\/2025\/03\/arkema-partenaire-CIRA.svg\" alt=\"arkema partenaire CIRA dans l'industrie de la chimie\" class=\"wp-image-1145\"\/><\/a><\/figure>\n\n\n\n<figure class=\"wp-block-image size-full\"><a href=\"https:\/\/www.airliquide.com\/fr\" target=\"_blank\" rel=\" noreferrer noopener\"><img decoding=\"async\" width=\"300\" height=\"300\" src=\"https:\/\/cira.fr\/app\/uploads\/2025\/03\/air-liquide-partenaire-CIRA.svg\" alt=\"Air Liquide est partenaire de CIRA\" class=\"wp-image-1144\"\/><\/a><\/figure>\n\n\n\n<figure class=\"wp-block-image size-full\"><a href=\"https:\/\/www.kemone.com\/fr\" target=\"_blank\" rel=\" noreferrer noopener\"><img decoding=\"async\" width=\"300\" height=\"300\" src=\"https:\/\/cira.fr\/app\/uploads\/2025\/03\/Kem-One-partenaire-CIRA.svg\" alt=\"Kem One est partenaire de CIRA\" class=\"wp-image-1136\"\/><\/a><\/figure>\n\n\n\n<figure class=\"wp-block-image size-full\"><a href=\"https:\/\/www.engie.be\/fr\/\" target=\"_blank\" rel=\" noreferrer noopener\"><img decoding=\"async\" width=\"300\" height=\"300\" src=\"https:\/\/cira.fr\/app\/uploads\/2025\/03\/engie-partenaire-CIRA.svg\" alt=\"Engie Electrabel est partenaire de CIRA dans l'\u00e9nergie d\u00e9carbonn\u00e9e\" class=\"wp-image-1134\"\/><\/a><\/figure>\n\n\n\n<figure class=\"wp-block-image size-full\"><a href=\"https:\/\/fr.secauto.clemessy.com\/\" target=\"_blank\" rel=\" noreferrer noopener\"><img decoding=\"async\" width=\"300\" height=\"300\" src=\"https:\/\/cira.fr\/app\/uploads\/2025\/03\/secauto-est-partenaire-de-CIRA.jpg\" alt=\"Secauto est un int\u00e9grateur partenaire de CIRA\" class=\"wp-image-1560\" srcset=\"https:\/\/cira.fr\/app\/uploads\/2025\/03\/secauto-est-partenaire-de-CIRA.jpg 300w, https:\/\/cira.fr\/app\/uploads\/2025\/03\/secauto-est-partenaire-de-CIRA-150x150.jpg 150w\" sizes=\"(max-width: 300px) 100vw, 300px\" \/><\/a><\/figure>\n<\/figure>\n<\/section>\n","protected":false},"excerpt":{"rendered":"<p>CIRA: one training course, one career Sharing, Passing on, Supporting, Progressing For us, community spirit is not a marketing concept. It&#8217;s a reality we share with our BTS students, and then with our employees. We support technicians throughout their careers, from initial training to professional development. In a spirit of sharing and transmission, we are &hellip; <a href=\"https:\/\/cira.fr\/en\/once-cira-always-cira\/\">Continued<\/a><\/p>\n","protected":false},"author":3,"featured_media":0,"parent":0,"menu_order":0,"comment_status":"closed","ping_status":"closed","template":"","meta":{"_acf_changed":false,"content-type":"","inline_featured_image":false,"footnotes":""},"class_list":["post-2370","page","type-page","status-publish","hentry"],"acf":[],"yoast_head":"<!-- This site is optimized with the Yoast SEO Premium plugin v24.8 (Yoast SEO v24.8.1) - https:\/\/yoast.com\/wordpress\/plugins\/seo\/ -->\n<title>Once CIRA, always CIRA - CIRA<\/title>\n<meta name=\"description\" content=\"Choose CIRA for a dynamic career combining training, support and skills development.\" \/>\n<meta name=\"robots\" content=\"index, follow, max-snippet:-1, max-image-preview:large, max-video-preview:-1\" \/>\n<link rel=\"canonical\" href=\"https:\/\/cira.fr\/en\/once-cira-always-cira\/\" \/>\n<meta property=\"og:locale\" content=\"en_US\" \/>\n<meta property=\"og:type\" content=\"article\" \/>\n<meta property=\"og:title\" content=\"Once CIRA, always CIRA\" \/>\n<meta property=\"og:description\" content=\"Choose CIRA for a dynamic career combining training, support and skills development.\" \/>\n<meta property=\"og:url\" content=\"https:\/\/cira.fr\/en\/once-cira-always-cira\/\" \/>\n<meta property=\"og:site_name\" content=\"CIRA\" \/>\n<meta property=\"article:modified_time\" content=\"2025-05-20T09:29:21+00:00\" \/>\n<meta property=\"og:image\" content=\"https:\/\/cira.fr\/app\/uploads\/2025\/02\/BTS-CIRA-3-1.jpg\" \/>\n\t<meta property=\"og:image:width\" content=\"600\" \/>\n\t<meta property=\"og:image:height\" content=\"600\" \/>\n\t<meta property=\"og:image:type\" content=\"image\/jpeg\" \/>\n<meta name=\"twitter:card\" content=\"summary_large_image\" \/>\n<meta name=\"twitter:label1\" content=\"Est. reading time\" \/>\n\t<meta name=\"twitter:data1\" content=\"4 minutes\" \/>\n<script type=\"application\/ld+json\" class=\"yoast-schema-graph\">{\"@context\":\"https:\/\/schema.org\",\"@graph\":[{\"@type\":\"WebPage\",\"@id\":\"https:\/\/cira.fr\/en\/once-cira-always-cira\/\",\"url\":\"https:\/\/cira.fr\/en\/once-cira-always-cira\/\",\"name\":\"Once CIRA, always CIRA - CIRA\",\"isPartOf\":{\"@id\":\"https:\/\/cira.fr\/en\/#website\"},\"primaryImageOfPage\":{\"@id\":\"https:\/\/cira.fr\/en\/once-cira-always-cira\/#primaryimage\"},\"image\":{\"@id\":\"https:\/\/cira.fr\/en\/once-cira-always-cira\/#primaryimage\"},\"thumbnailUrl\":\"https:\/\/cira.fr\/app\/uploads\/2025\/02\/BTS-CIRA-3-1.jpg\",\"datePublished\":\"2025-02-25T08:58:03+00:00\",\"dateModified\":\"2025-05-20T09:29:21+00:00\",\"description\":\"Choose CIRA for a dynamic career combining training, support and skills development.\",\"breadcrumb\":{\"@id\":\"https:\/\/cira.fr\/en\/once-cira-always-cira\/#breadcrumb\"},\"inLanguage\":\"en-US\",\"potentialAction\":[{\"@type\":\"ReadAction\",\"target\":[\"https:\/\/cira.fr\/en\/once-cira-always-cira\/\"]}]},{\"@type\":\"ImageObject\",\"inLanguage\":\"en-US\",\"@id\":\"https:\/\/cira.fr\/en\/once-cira-always-cira\/#primaryimage\",\"url\":\"https:\/\/cira.fr\/app\/uploads\/2025\/02\/BTS-CIRA-3-1.jpg\",\"contentUrl\":\"https:\/\/cira.fr\/app\/uploads\/2025\/02\/BTS-CIRA-3-1.jpg\"},{\"@type\":\"BreadcrumbList\",\"@id\":\"https:\/\/cira.fr\/en\/once-cira-always-cira\/#breadcrumb\",\"itemListElement\":[{\"@type\":\"ListItem\",\"position\":1,\"name\":\"Home\",\"item\":\"https:\/\/cira.fr\/en\/\"},{\"@type\":\"ListItem\",\"position\":2,\"name\":\"Once CIRA, always CIRA\"}]},{\"@type\":\"WebSite\",\"@id\":\"https:\/\/cira.fr\/en\/#website\",\"url\":\"https:\/\/cira.fr\/en\/\",\"name\":\"Cira\",\"description\":\"\",\"publisher\":{\"@id\":\"https:\/\/cira.fr\/en\/#organization\"},\"potentialAction\":[{\"@type\":\"SearchAction\",\"target\":{\"@type\":\"EntryPoint\",\"urlTemplate\":\"https:\/\/cira.fr\/en\/?s={search_term_string}\"},\"query-input\":{\"@type\":\"PropertyValueSpecification\",\"valueRequired\":true,\"valueName\":\"search_term_string\"}}],\"inLanguage\":\"en-US\"},{\"@type\":\"Organization\",\"@id\":\"https:\/\/cira.fr\/en\/#organization\",\"name\":\"Cira\",\"url\":\"https:\/\/cira.fr\/en\/\",\"logo\":{\"@type\":\"ImageObject\",\"inLanguage\":\"en-US\",\"@id\":\"https:\/\/cira.fr\/en\/#\/schema\/logo\/image\/\",\"url\":\"https:\/\/cira.fr\/app\/uploads\/2025\/02\/CIRA.svg\",\"contentUrl\":\"https:\/\/cira.fr\/app\/uploads\/2025\/02\/CIRA.svg\",\"width\":789,\"height\":184,\"caption\":\"Cira\"},\"image\":{\"@id\":\"https:\/\/cira.fr\/en\/#\/schema\/logo\/image\/\"}}]}<\/script>\n<!-- \/ Yoast SEO Premium plugin. -->","yoast_head_json":{"title":"Once CIRA, always CIRA - CIRA","description":"Choose CIRA for a dynamic career combining training, support and skills development.","robots":{"index":"index","follow":"follow","max-snippet":"max-snippet:-1","max-image-preview":"max-image-preview:large","max-video-preview":"max-video-preview:-1"},"canonical":"https:\/\/cira.fr\/en\/once-cira-always-cira\/","og_locale":"en_US","og_type":"article","og_title":"Once CIRA, always CIRA","og_description":"Choose CIRA for a dynamic career combining training, support and skills development.","og_url":"https:\/\/cira.fr\/en\/once-cira-always-cira\/","og_site_name":"CIRA","article_modified_time":"2025-05-20T09:29:21+00:00","og_image":[{"width":600,"height":600,"url":"https:\/\/cira.fr\/app\/uploads\/2025\/02\/BTS-CIRA-3-1.jpg","type":"image\/jpeg"}],"twitter_card":"summary_large_image","twitter_misc":{"Est. reading time":"4 minutes"},"schema":{"@context":"https:\/\/schema.org","@graph":[{"@type":"WebPage","@id":"https:\/\/cira.fr\/en\/once-cira-always-cira\/","url":"https:\/\/cira.fr\/en\/once-cira-always-cira\/","name":"Once CIRA, always CIRA - CIRA","isPartOf":{"@id":"https:\/\/cira.fr\/en\/#website"},"primaryImageOfPage":{"@id":"https:\/\/cira.fr\/en\/once-cira-always-cira\/#primaryimage"},"image":{"@id":"https:\/\/cira.fr\/en\/once-cira-always-cira\/#primaryimage"},"thumbnailUrl":"https:\/\/cira.fr\/app\/uploads\/2025\/02\/BTS-CIRA-3-1.jpg","datePublished":"2025-02-25T08:58:03+00:00","dateModified":"2025-05-20T09:29:21+00:00","description":"Choose CIRA for a dynamic career combining training, support and skills development.","breadcrumb":{"@id":"https:\/\/cira.fr\/en\/once-cira-always-cira\/#breadcrumb"},"inLanguage":"en-US","potentialAction":[{"@type":"ReadAction","target":["https:\/\/cira.fr\/en\/once-cira-always-cira\/"]}]},{"@type":"ImageObject","inLanguage":"en-US","@id":"https:\/\/cira.fr\/en\/once-cira-always-cira\/#primaryimage","url":"https:\/\/cira.fr\/app\/uploads\/2025\/02\/BTS-CIRA-3-1.jpg","contentUrl":"https:\/\/cira.fr\/app\/uploads\/2025\/02\/BTS-CIRA-3-1.jpg"},{"@type":"BreadcrumbList","@id":"https:\/\/cira.fr\/en\/once-cira-always-cira\/#breadcrumb","itemListElement":[{"@type":"ListItem","position":1,"name":"Home","item":"https:\/\/cira.fr\/en\/"},{"@type":"ListItem","position":2,"name":"Once CIRA, always CIRA"}]},{"@type":"WebSite","@id":"https:\/\/cira.fr\/en\/#website","url":"https:\/\/cira.fr\/en\/","name":"Cira","description":"","publisher":{"@id":"https:\/\/cira.fr\/en\/#organization"},"potentialAction":[{"@type":"SearchAction","target":{"@type":"EntryPoint","urlTemplate":"https:\/\/cira.fr\/en\/?s={search_term_string}"},"query-input":{"@type":"PropertyValueSpecification","valueRequired":true,"valueName":"search_term_string"}}],"inLanguage":"en-US"},{"@type":"Organization","@id":"https:\/\/cira.fr\/en\/#organization","name":"Cira","url":"https:\/\/cira.fr\/en\/","logo":{"@type":"ImageObject","inLanguage":"en-US","@id":"https:\/\/cira.fr\/en\/#\/schema\/logo\/image\/","url":"https:\/\/cira.fr\/app\/uploads\/2025\/02\/CIRA.svg","contentUrl":"https:\/\/cira.fr\/app\/uploads\/2025\/02\/CIRA.svg","width":789,"height":184,"caption":"Cira"},"image":{"@id":"https:\/\/cira.fr\/en\/#\/schema\/logo\/image\/"}}]}},"_links":{"self":[{"href":"https:\/\/cira.fr\/en\/wp-json\/wp\/v2\/pages\/2370","targetHints":{"allow":["GET"]}}],"collection":[{"href":"https:\/\/cira.fr\/en\/wp-json\/wp\/v2\/pages"}],"about":[{"href":"https:\/\/cira.fr\/en\/wp-json\/wp\/v2\/types\/page"}],"author":[{"embeddable":true,"href":"https:\/\/cira.fr\/en\/wp-json\/wp\/v2\/users\/3"}],"replies":[{"embeddable":true,"href":"https:\/\/cira.fr\/en\/wp-json\/wp\/v2\/comments?post=2370"}],"version-history":[{"count":13,"href":"https:\/\/cira.fr\/en\/wp-json\/wp\/v2\/pages\/2370\/revisions"}],"predecessor-version":[{"id":2746,"href":"https:\/\/cira.fr\/en\/wp-json\/wp\/v2\/pages\/2370\/revisions\/2746"}],"wp:attachment":[{"href":"https:\/\/cira.fr\/en\/wp-json\/wp\/v2\/media?parent=2370"}],"curies":[{"name":"wp","href":"https:\/\/api.w.org\/{rel}","templated":true}]}}